{"id":8518,"date":"2020-03-02T18:32:58","date_gmt":"2020-03-02T23:32:58","guid":{"rendered":"http:\/\/cotratudossa.com\/?page_id=8518"},"modified":"2020-03-19T17:37:23","modified_gmt":"2020-03-19T22:37:23","slug":"pagina-intro","status":"publish","type":"page","link":"https:\/\/www.cotratudossa.com\/en\/","title":{"rendered":"P\u00e1gina Intro"},"content":{"rendered":"<p><section class=\"kc-elm kc-css-856306 kc_row\"><div class=\"kc-row-container  kc-container\"><div class=\"kc-wrap-columns\"><div class=\"kc-elm kc-css-210832 kc_col-sm-12 kc_column kc_col-sm-12\"><div class=\"kc-col-container\"><div class=\"kc-elm kc-css-987416 kc_shortcode kc_single_image\">\n\n        <img decoding=\"async\" src=\"https:\/\/www.cotratudossa.com\/wp-content\/uploads\/2020\/03\/DSC_2974-scaled.jpg\" class=\"\" alt=\"\" \/>    <\/div>\n<\/div><\/div><\/div><\/div><\/section><section class=\"kc-elm kc-css-166737 kc_row\"><div class=\"kc-row-container  kc-container\"><div class=\"kc-wrap-columns\"><div class=\"kc-elm kc-css-605070 kc_col-sm-12 kc_column kc_col-sm-12\"><div class=\"kc-col-container\"><div class=\"section-advantages-1\">\n    <section class=\"b-advantages-1\"><i class=\"b-advantages-1__icon fa-car\"><\/i>\n        <h3 class=\"b-advantages-1__title\"> City Tours<\/h3>\n        <div class=\"b-advantages-1__info\"> Programe sus visitas tur\u00edsticas interactivas en Cuenca, con diferentes horarios. Flexible, c\u00f3modo, \u00fanico y al mejor precio!<\/div><span class=\"ui-decor-2\"><\/span>\n    <\/section>\n    <!-- end .b-advantages-->\n    <section class=\"b-advantages-1 active\"><i class=\"b-advantages-1__icon sl-shield\"><\/i>\n        <h3 class=\"b-advantages-1__title\">Seguridad <\/h3>\n        <div class=\"b-advantages-1__info\">Ofrecemos m\u00e1s de 20 a\u00f1os de experiencia, cumpliendo los m\u00e1s altos est\u00e1ndares para ofrecerle seguridad con personal calificado.<\/div><span class=\"ui-decor-2\"><\/span>\n    <\/section>\n    <!-- end .b-advantages-->\n    <section class=\"b-advantages-1\"><i class=\"b-advantages-1__icon et-map\"><\/i>\n        <h3 class=\"b-advantages-1__title\">Servicios Personalizados<\/h3>\n        <div class=\"b-advantages-1__info\">Si requiere de alquileres, paseos insitucionales o cualquier tipo de evento, no dude en contactarnos!  <\/div><span class=\"ui-decor-2\"><\/span>\n    <\/section>\n    <!-- end .b-advantages-->\n<\/div>\n<div class=\"kc-elm kc-css-820735 divider_line\">\n\t<div class=\"divider_inner divider_line1\">\n\t\t\t<\/div>\n<\/div>\n\n\t<div class=\"kc-elm kc-css-514809 kc_shortcode kc_video_play kc_video_wrapper\">\n\t\t\t\t\t\t\t\t<video width=\"600\" height=\"338.98305084746\" controls>\n\t\t\t\t<source src=\"http:\/\/www.cotratudossa.com\/wp-content\/uploads\/2020\/03\/Video.mp4\" type=\"video\/mp4\">\n\t\t\t\tYour browser does not support the video tag.\t\t\t<\/video>\n\n\t\t\t<\/div>\n\n<\/div><\/div><\/div><\/div><\/section><section class=\"kc-elm kc-css-399157 kc_row\"><div class=\"kc-row-container  kc-container\"><div class=\"kc-wrap-columns\"><div class=\"kc-elm kc-css-124624 kc_col-sm-12 kc_column kc_col-sm-12\"><div class=\"kc-col-container\">\n<div class=\"kc-elm kc-css-627678 divider_line\">\n\t<div class=\"divider_inner divider_line1\">\n\t\t\t<\/div>\n<\/div>\n<div class=\"kc-elm kc-css-647757\">\n\t<div class=\"kc-carousel_images kc-elm kc-css-647757\">\n\t\n\t\t<div class=\"kc-carousel-images owl-carousel-images kc-sync1  owl-nav-round\" data-owl-i-options='{\"items\":\"3\",\"tablet\":\"2\",\"mobile\":\"1\",\"speed\":\"500\",\"navigation\":\"yes\",\"pagination\":\"yes\",\"autoheight\":\"\",\"progressbar\":\"\",\"delay\":\"8\",\"autoplay\":\"yes\",\"showthumb\":\"\",\"num_thumb\":\"5\"}'>\n\t\n\t\t\t\t\t<div class=\"item\">\n\t\n\t\t\t<a class=\"kc-image-link kc-pretty-photo\" data-lightbox=\"kc-lightbox\" rel=\"prettyPhoto[647757]\" href=\"https:\/\/www.cotratudossa.com\/wp-content\/uploads\/2020\/03\/DSC_2969-scaled.jpg\"><img decoding=\"async\" src=\"https:\/\/www.cotratudossa.com\/wp-content\/uploads\/2020\/03\/DSC_2969-1024x683.jpg\" alt=\"\" \/><\/a>\t\n\t\t\t<\/div>\n\t\n\t\t\t\t\t<div class=\"item\">\n\t\n\t\t\t<a class=\"kc-image-link kc-pretty-photo\" data-lightbox=\"kc-lightbox\" rel=\"prettyPhoto[647757]\" href=\"https:\/\/www.cotratudossa.com\/wp-content\/uploads\/2020\/03\/DSC_3007-scaled.jpg\"><img decoding=\"async\" src=\"https:\/\/www.cotratudossa.com\/wp-content\/uploads\/2020\/03\/DSC_3007-1024x683.jpg\" alt=\"\" \/><\/a>\t\n\t\t\t<\/div>\n\t\n\t\t\t\t\t<div class=\"item\">\n\t\n\t\t\t<a class=\"kc-image-link kc-pretty-photo\" data-lightbox=\"kc-lightbox\" rel=\"prettyPhoto[647757]\" href=\"https:\/\/www.cotratudossa.com\/wp-content\/uploads\/2020\/03\/DSC_3064-scaled.jpg\"><img decoding=\"async\" src=\"https:\/\/www.cotratudossa.com\/wp-content\/uploads\/2020\/03\/DSC_3064-1024x683.jpg\" alt=\"\" \/><\/a>\t\n\t\t\t<\/div>\n\t\n\t\t\t\t\t<div class=\"item\">\n\t\n\t\t\t<a class=\"kc-image-link kc-pretty-photo\" data-lightbox=\"kc-lightbox\" rel=\"prettyPhoto[647757]\" href=\"https:\/\/www.cotratudossa.com\/wp-content\/uploads\/2020\/03\/DSC_3018-1-scaled.jpg\"><img decoding=\"async\" src=\"https:\/\/www.cotratudossa.com\/wp-content\/uploads\/2020\/03\/DSC_3018-1-1024x683.jpg\" alt=\"\" \/><\/a>\t\n\t\t\t<\/div>\n\t\n\t\t\t\t\t<div class=\"item\">\n\t\n\t\t\t<a class=\"kc-image-link kc-pretty-photo\" data-lightbox=\"kc-lightbox\" rel=\"prettyPhoto[647757]\" href=\"https:\/\/www.cotratudossa.com\/wp-content\/uploads\/2020\/03\/DSC_3050-1-scaled.jpg\"><img decoding=\"async\" src=\"https:\/\/www.cotratudossa.com\/wp-content\/uploads\/2020\/03\/DSC_3050-1-1024x683.jpg\" alt=\"\" \/><\/a>\t\n\t\t\t<\/div>\n\t\n\t\t\t\t\t<div class=\"item\">\n\t\n\t\t\t<a class=\"kc-image-link kc-pretty-photo\" data-lightbox=\"kc-lightbox\" rel=\"prettyPhoto[647757]\" href=\"https:\/\/www.cotratudossa.com\/wp-content\/uploads\/2020\/03\/Picture3.png\"><img decoding=\"async\" src=\"https:\/\/www.cotratudossa.com\/wp-content\/uploads\/2020\/03\/Picture3.png\" alt=\"\" \/><\/a>\t\n\t\t\t<\/div>\n\t\n\t\t\t\t\t<div class=\"item\">\n\t\n\t\t\t<a class=\"kc-image-link kc-pretty-photo\" data-lightbox=\"kc-lightbox\" rel=\"prettyPhoto[647757]\" href=\"https:\/\/www.cotratudossa.com\/wp-content\/uploads\/2020\/03\/Picture5.png\"><img decoding=\"async\" src=\"https:\/\/www.cotratudossa.com\/wp-content\/uploads\/2020\/03\/Picture5-1024x717.png\" alt=\"\" \/><\/a>\t\n\t\t\t<\/div>\n\t\n\t\t\t\n\t\t<\/div>\n\t\n\t\t\t<\/div>\n<\/div>\n\n<div class=\"kc-elm kc-css-484846 divider_line\">\n\t<div class=\"divider_inner divider_line1\">\n\t\t\t<\/div>\n<\/div>\n<\/div><\/div><\/div><\/div><\/section><section class=\"kc-elm kc-css-891296 kc_row\"><div class=\"kc-row-container  kc-container\"><div class=\"kc-wrap-columns\"><div class=\"kc-elm kc-css-516129 kc_col-sm-12 kc_column kc_col-sm-12\"><div class=\"kc-col-container\"> <div class=\" text-center \">\n        <h2 class=\"ui-title-block\">Ubicaci\u00f3n<\/h2>\n            <div class=\"ui-decor\"><\/div>\n<\/div>\n<\/div><\/div><\/div><\/div><\/section><section class=\"kc-elm kc-css-439418 kc_row\"><div class=\"kc-row-container  kc-container\"><div class=\"kc-wrap-columns\"><div class=\"kc-elm kc-css-41981 kc_col-sm-12 kc_column kc_col-sm-12\"><div class=\"kc-col-container\"><div class=\"kc-elm kc-css-749396 kc_google_maps kc_shortcode\"><div style=\"height: 350px\" class=\"kc-google-maps\"><iframe loading=\"lazy\" src=\"https:\/\/www.google.com\/maps\/embed?pb=!1m18!1m12!1m3!1d3984.698129595287!2d-79.02808298561266!3d-2.9030237978855418!2m3!1f0!2f0!3f0!3m2!1i1024!2i768!4f13.1!3m3!1m2!1s0x91cd22a20e50f831%3A0x8d768fe9bf7534a!2sCompa%C3%B1ia%20de%20Transporte%20Turistico%20Cotratudossa!5e0!3m2!1ses!2sec!4v1583244828879!5m2!1ses!2sec\" width=\"100%\" height=\"350\" frameborder=\"0\" style=\"border:0;\" allowfullscreen=\"\"><\/iframe><\/div><\/div><\/div><\/div><\/div><\/div><\/section><\/p>\n","protected":false},"excerpt":{"rendered":"","protected":false},"author":1,"featured_media":0,"parent":0,"menu_order":0,"comment_status":"closed","ping_status":"closed","template":"","meta":{"om_disable_all_campaigns":false,"_monsterinsights_skip_tracking":false,"_monsterinsights_sitenote_active":false,"_monsterinsights_sitenote_note":"","_monsterinsights_sitenote_category":0,"footnotes":""},"class_list":["post-8518","page","type-page","status-publish","hentry"],"_links":{"self":[{"href":"https:\/\/www.cotratudossa.com\/en\/wp-json\/wp\/v2\/pages\/8518","targetHints":{"allow":["GET"]}}],"collection":[{"href":"https:\/\/www.cotratudossa.com\/en\/wp-json\/wp\/v2\/pages"}],"about":[{"href":"https:\/\/www.cotratudossa.com\/en\/wp-json\/wp\/v2\/types\/page"}],"author":[{"embeddable":true,"href":"https:\/\/www.cotratudossa.com\/en\/wp-json\/wp\/v2\/users\/1"}],"replies":[{"embeddable":true,"href":"https:\/\/www.cotratudossa.com\/en\/wp-json\/wp\/v2\/comments?post=8518"}],"version-history":[{"count":94,"href":"https:\/\/www.cotratudossa.com\/en\/wp-json\/wp\/v2\/pages\/8518\/revisions"}],"predecessor-version":[{"id":8926,"href":"https:\/\/www.cotratudossa.com\/en\/wp-json\/wp\/v2\/pages\/8518\/revisions\/8926"}],"wp:attachment":[{"href":"https:\/\/www.cotratudossa.com\/en\/wp-json\/wp\/v2\/media?parent=8518"}],"curies":[{"name":"wp","href":"https:\/\/api.w.org\/{rel}","templated":true}]}}