{"id":8413,"date":"2020-03-01T20:01:10","date_gmt":"2020-03-02T01:01:10","guid":{"rendered":"http:\/\/cotratudossa.com\/?page_id=8413"},"modified":"2020-03-19T17:35:51","modified_gmt":"2020-03-19T22:35:51","slug":"servicios","status":"publish","type":"page","link":"https:\/\/www.cotratudossa.com\/en\/servicios\/","title":{"rendered":"Services"},"content":{"rendered":"<section class=\"kc-elm kc-css-221967 kc_row\"><div class=\"kc-row-container  kc-container\"><div class=\"kc-wrap-columns\"><div class=\"kc-elm kc-css-410370 kc_col-sm-12 kc_column kc_col-sm-12\"><div class=\"kc-col-container\"><div class=\"kc-elm kc-css-56577 kc_text_block\"><\/p>\n<ul class=\"wp-block-list\">\n<li>City Tours\u00a0<\/li>\n<li>Full day in Cuenca and other cities in Ecuador<\/li>\n<li>Nationwide excursions<\/li>\n<li>International tours and tourist circuits<\/li>\n<li>Attention for congresses and events<\/li>\n<li>Special service for institutions<\/li>\n<li>Direct and coordinated services with travel agencies and operators<\/li>\n<li>Bus rental for days or weeks\u00a0<\/li>\n<li>Private and family groups<\/li>\n<\/ul>\n<\/p>\n<figure class=\"wp-block-gallery columns-0 is-cropped wp-block-gallery-1 is-layout-flex wp-block-gallery-is-layout-flex\"><\/figure><\/p>\n<\/div><div class=\"kc-elm kc-css-126240 kc_shortcode kc_single_image\">\n\n        <img decoding=\"async\" src=\"https:\/\/www.cotratudossa.com\/wp-content\/uploads\/2020\/03\/DSC_3001-scaled.jpg\" class=\"\" alt=\"\" \/>    <\/div>\n\n<div class=\"kc-elm kc-css-572703 divider_line\">\n\t<div class=\"divider_inner divider_line1\">\n\t\t\t<\/div>\n<\/div>\n<\/div><\/div><\/div><\/div><\/section><section class=\"kc-elm kc-css-665844 kc_row\"><div class=\"kc-row-container  kc-container\"><div class=\"kc-wrap-columns\"><div class=\"kc-elm kc-css-872823 kc_col-sm-12 kc_column kc_col-sm-12\"><div class=\"kc-col-container\"> <div class=\"text-center\">\n        <h2 class=\"ui-title-block2\">Tour Buses<\/h2>\n            <div class=\"ui-decor\"><\/div>\n<\/div>\n<\/div><\/div><\/div><\/div><\/section><section class=\"kc-elm kc-css-890451 kc_row\"><div class=\"kc-row-container  kc-container\"><div class=\"kc-wrap-columns\"><div class=\"kc-elm kc-css-159778 kc_col-sm-12 kc_column kc_col-sm-12\"><div class=\"kc-col-container\"><div class=\"kc-elm kc-css-265503 kc_text_block\"><\/p>\n<p><span style=\"font-style: inherit;\">The tour begins in the Old Cathedral in Calder\u00f3n Park. The tour bus will pass by places such as: the Cathedral of the Immaculate Conception, San Sebasti\u00e1n Park, the Municipal, Museum of Modern Art, Casa Ord\u00f3\u00f1ez Mata, Casa de la Bienal, and more. Estimated time: 1 hour and 45 minutes.\nThe City Tour tickets are $8 for adults and $4 for children.<\/span><\/p>\n<p><span style=\"font-style: inherit;\">Departure times Monday to Saturday:&nbsp;<\/span><span style=\"font-style: inherit; font-family: -apple-system, BlinkMacSystemFont, &quot;Segoe UI&quot;, Roboto, Oxygen-Sans, Ubuntu, Cantarell, &quot;Helvetica Neue&quot;, sans-serif;\">09:30, 10:30, 11:30, 12:30, 14:30, 15:30, 16:30 y 17:30<\/span><span style=\"font-style: inherit;\">&nbsp;<\/span><\/p>\n<p><span style=\"font-style: inherit;\">Departure times Sundays:&nbsp;<\/span><span style=\"font-style: inherit; font-family: -apple-system, BlinkMacSystemFont, &quot;Segoe UI&quot;, Roboto, Oxygen-Sans, Ubuntu, Cantarell, &quot;Helvetica Neue&quot;, sans-serif;\">09:30, 10:30, 11:30, 12:30 y 14:30<\/span><span style=\"font-style: inherit;\"><br \/><\/span><\/p>\n<\/p>\n<figure class=\"wp-block-gallery columns-0 is-cropped wp-block-gallery-2 is-layout-flex wp-block-gallery-is-layout-flex\"><\/figure><\/p>\n<\/div><div class=\"kc-elm kc-css-937077 kc_shortcode kc_single_image\">\n\n        <img decoding=\"async\" src=\"https:\/\/www.cotratudossa.com\/wp-content\/uploads\/2020\/03\/Bus-T1.jpeg\" class=\"\" alt=\"\" \/>    <\/div>\n<\/div><\/div><\/div><\/div><\/section>","protected":false},"excerpt":{"rendered":"","protected":false},"author":1,"featured_media":0,"parent":0,"menu_order":0,"comment_status":"closed","ping_status":"closed","template":"","meta":{"om_disable_all_campaigns":false,"_monsterinsights_skip_tracking":false,"_monsterinsights_sitenote_active":false,"_monsterinsights_sitenote_note":"","_monsterinsights_sitenote_category":0,"footnotes":""},"class_list":["post-8413","page","type-page","status-publish","hentry"],"_links":{"self":[{"href":"https:\/\/www.cotratudossa.com\/en\/wp-json\/wp\/v2\/pages\/8413","targetHints":{"allow":["GET"]}}],"collection":[{"href":"https:\/\/www.cotratudossa.com\/en\/wp-json\/wp\/v2\/pages"}],"about":[{"href":"https:\/\/www.cotratudossa.com\/en\/wp-json\/wp\/v2\/types\/page"}],"author":[{"embeddable":true,"href":"https:\/\/www.cotratudossa.com\/en\/wp-json\/wp\/v2\/users\/1"}],"replies":[{"embeddable":true,"href":"https:\/\/www.cotratudossa.com\/en\/wp-json\/wp\/v2\/comments?post=8413"}],"version-history":[{"count":24,"href":"https:\/\/www.cotratudossa.com\/en\/wp-json\/wp\/v2\/pages\/8413\/revisions"}],"predecessor-version":[{"id":8925,"href":"https:\/\/www.cotratudossa.com\/en\/wp-json\/wp\/v2\/pages\/8413\/revisions\/8925"}],"wp:attachment":[{"href":"https:\/\/www.cotratudossa.com\/en\/wp-json\/wp\/v2\/media?parent=8413"}],"curies":[{"name":"wp","href":"https:\/\/api.w.org\/{rel}","templated":true}]}}