{"id":2,"date":"2019-01-29T18:34:25","date_gmt":"2019-01-29T18:34:25","guid":{"rendered":"http:\/\/cotratudossa.com\/\/?page_id=2"},"modified":"2020-03-10T21:25:46","modified_gmt":"2020-03-11T02:25:46","slug":"sample-page","status":"publish","type":"page","link":"https:\/\/www.cotratudossa.com\/en\/sample-page\/","title":{"rendered":"About Cotratudossa"},"content":{"rendered":"<section class=\"kc-elm kc-css-711449 kc_row\"><div class=\"kc-row-container  kc-container\"><div class=\"kc-wrap-columns\"><div class=\"kc-elm kc-css-468667 kc_col-sm-12 kc_column kc_col-sm-12\"><div class=\"kc-col-container\"><div class=\"kc-elm kc-css-955507 kc_text_block\"><\/p>\n<p align=\"center\"><span style=\"font-style: inherit;\">COMPA\u00d1\u00cdA DE TRANSPORTE TUR\u00cdSTICA DOSMILTRES S.A. COTRATUDOSSA, is located in the city of Cuenca, Ecuador. Established on July 28, 2003, our company lends its services to distinguished public and private sectors. Currently, we have 30 vehicles to choose from. They are all models from 2014, equipped with air conditioning and insured by Generali Ecuador. \u00a0<\/span><\/p>\n<p align=\"center\"><span style=\"font-style: inherit;\">\u00a0<\/span><\/p>\n<\/div>\n<div class=\"kc-elm kc-css-812912 divider_line\">\n\t<div class=\"divider_inner divider_line1\">\n\t\t\t<\/div>\n<\/div>\n<\/div><\/div><\/div><\/div><\/section><section class=\"kc-elm kc-css-183345 kc_row\"><div class=\"kc-row-container  kc-container\"><div class=\"kc-wrap-columns\"><div class=\"kc-elm kc-css-781655 kc_col-sm-12 kc_column kc_col-sm-12\"><div class=\"kc-col-container\"> <div class=\"text-center\">\n        <h2 class=\"ui-title-block2\">Misi\u00f3n<\/h2>\n            <div class=\"ui-decor\"><\/div>\n<\/div>\n<div class=\"kc-elm kc-css-354394 kc_text_block\"><\/p>\n<p class=\"MsoNormal\" style=\"margin: 0in 0in 8pt; line-height: 15.693333625793457px; font-size: 11pt; font-family: Calibri, sans-serif; caret-color: #000000; color: #000000; text-align: center;\" align=\"center\">\n<p class=\"MsoNormal\" style=\"margin: 0in 0in 8pt; line-height: 15.693333625793457px; font-size: 11pt; font-family: Calibri, sans-serif; caret-color: #000000; color: #000000; text-align: center;\" align=\"center\">\n<p class=\"MsoNormal\" style=\"font-size: 11pt; line-height: 15.693333625793457px; margin: 0in 0in 8pt; font-family: Calibri, sans-serif; caret-color: #000000; color: #000000; text-align: center;\" align=\"center\">\n<p><span style=\"font-style: inherit;\">Our mission is to provide safe transportation every day of the year for all of our customers. We give you the attention that you deserve,  while ensuring that your trip is cost effective.\u00a0<\/span><\/p>\n<p><span style=\"font-style: inherit;\">\u00a0<\/span><\/p><\/p>\n<\/div><\/div><\/div><\/div><\/div><\/section><section class=\"kc-elm kc-css-497001 kc_row\"><div class=\"kc-row-container  kc-container\"><div class=\"kc-wrap-columns\"><div class=\"kc-elm kc-css-606874 kc_col-sm-12 kc_column kc_col-sm-12\"><div class=\"kc-col-container\"> <div class=\"text-center\">\n        <h2 class=\"ui-title-block2\">Visi\u00f3n<\/h2>\n            <div class=\"ui-decor\"><\/div>\n<\/div>\n<div class=\"kc-elm kc-css-608078 kc_text_block\"><\/p>\n<p class=\"MsoNormal\" style=\"margin: 0in 0in 8pt; line-height: 15.693333625793457px; font-size: 11pt; font-family: Calibri, sans-serif; caret-color: #000000; color: #000000; text-align: center;\" align=\"center\">\n<p><span style=\"font-style: inherit;\">Our vision is to allow both national and foreign tourists to enjoy a safe, comfortable and pleasant tourist ground transportation service. To achieve this we have several elements, such as modern vehicles that have quality standards and technology; human resources as professional drivers with extensive knowledge of the tourist places inside and outside the country; administrative staff that guide customers throughout the recruitment process.\u00a0<\/span><\/p><\/p>\n<\/div>\n<div class=\"kc-elm kc-css-165135 divider_line\">\n\t<div class=\"divider_inner divider_line1\">\n\t\t\t<\/div>\n<\/div>\n<\/div><\/div><\/div><\/div><\/section><section class=\"kc-elm kc_row\"><div class=\"kc-row-container  kc-container\"><div class=\"kc-wrap-columns\"><div class=\"kc-elm kc-css-652261 kc_col-sm-12 kc_column kc_col-sm-12\"><div class=\"kc-col-container\">\n<div class=\"kc-elm kc-css-606723 kc-image-hover-effects kc-img-effects-1 zoom_in\">\n\n\t<a href=\"https:\/\/www.cotratudossa.com\/wp-content\/uploads\/2020\/03\/Picture2-copy.png\" rel=\"prettyPhoto\" class=\"kc-pretty-photo\"><img decoding=\"async\" src=\"https:\/\/www.cotratudossa.com\/wp-content\/uploads\/2020\/03\/Picture2-copy.png\" alt=\"\"\/><\/a><a href=\"https:\/\/www.cotratudossa.com\/wp-content\/uploads\/2020\/03\/Picture2-copy.png\" rel=\"prettyPhoto\" class=\"kc-pretty-photo\"><div class=\"overlay-effects\"><div class=\"content-title\">the pleasure of safe tourism<\/div><\/div><\/a>\n<\/div><\/div><\/div><\/div><\/div><\/section>","protected":false},"excerpt":{"rendered":"","protected":false},"author":1,"featured_media":24,"parent":0,"menu_order":0,"comment_status":"closed","ping_status":"open","template":"","meta":{"om_disable_all_campaigns":false,"_monsterinsights_skip_tracking":false,"_monsterinsights_sitenote_active":false,"_monsterinsights_sitenote_note":"","_monsterinsights_sitenote_category":0,"footnotes":""},"class_list":["post-2","page","type-page","status-publish","has-post-thumbnail","hentry"],"_links":{"self":[{"href":"https:\/\/www.cotratudossa.com\/en\/wp-json\/wp\/v2\/pages\/2","targetHints":{"allow":["GET"]}}],"collection":[{"href":"https:\/\/www.cotratudossa.com\/en\/wp-json\/wp\/v2\/pages"}],"about":[{"href":"https:\/\/www.cotratudossa.com\/en\/wp-json\/wp\/v2\/types\/page"}],"author":[{"embeddable":true,"href":"https:\/\/www.cotratudossa.com\/en\/wp-json\/wp\/v2\/users\/1"}],"replies":[{"embeddable":true,"href":"https:\/\/www.cotratudossa.com\/en\/wp-json\/wp\/v2\/comments?post=2"}],"version-history":[{"count":103,"href":"https:\/\/www.cotratudossa.com\/en\/wp-json\/wp\/v2\/pages\/2\/revisions"}],"predecessor-version":[{"id":8803,"href":"https:\/\/www.cotratudossa.com\/en\/wp-json\/wp\/v2\/pages\/2\/revisions\/8803"}],"wp:featuredmedia":[{"embeddable":true,"href":"https:\/\/www.cotratudossa.com\/en\/wp-json\/wp\/v2\/media\/24"}],"wp:attachment":[{"href":"https:\/\/www.cotratudossa.com\/en\/wp-json\/wp\/v2\/media?parent=2"}],"curies":[{"name":"wp","href":"https:\/\/api.w.org\/{rel}","templated":true}]}}